

{"id":374,"date":"2025-08-07T09:41:42","date_gmt":"2025-08-07T12:41:42","guid":{"rendered":"https:\/\/www.afisvecsaude.org.br\/areadobeneficiario\/?page_id=374"},"modified":"2025-10-16T17:06:44","modified_gmt":"2025-10-16T20:06:44","slug":"reembolso","status":"publish","type":"page","link":"https:\/\/www.afisvecsaude.org.br\/areadobeneficiario\/reembolso\/","title":{"rendered":"Reembolso"},"content":{"rendered":"\t\t<div data-elementor-type=\"wp-page\" data-elementor-id=\"374\" class=\"elementor elementor-374\">\n\t\t\t\t<div class=\"elementor-element elementor-element-e597325 e-flex e-con-boxed e-con e-parent\" data-id=\"e597325\" data-element_type=\"container\" data-e-type=\"container\" data-settings=\"{&quot;background_background&quot;:&quot;classic&quot;}\">\n\t\t\t\t\t<div class=\"e-con-inner\">\n\t\t\t\t<div class=\"elementor-element elementor-element-fd388d2 elementor-widget elementor-widget-text-editor\" data-id=\"fd388d2\" data-element_type=\"widget\" data-e-type=\"widget\" data-widget_type=\"text-editor.default\">\n\t\t\t\t<div class=\"elementor-widget-container\">\n\t\t\t\t\t\t\t\t\t<h3>INFORMA\u00c7\u00d5ES GERAIS<\/h3><p>As solicita\u00e7\u00f5es de reembolso somente ser\u00e3o aceitas desde que sejam protocoladas e realizadas dento do ano civil, observando as seguintes orienta\u00e7\u00f5es:<\/p><p>* Nome completo e CPF do benefici\u00e1rio que recebeu o atendimento, independentemente de quem tenha efetuado o pagamento;<br \/>* Procedimentos realizados em consult\u00f3rio: dever\u00e1 conter a descri\u00e7\u00e3o da quantidade e a denomina\u00e7\u00e3o t\u00e9cnica ou o c\u00f3digo da tabela CBHPM (Classifica\u00e7\u00e3o Brasileira Hierarquizada de Procedimentos M\u00e9dicos) dos servi\u00e7os efetuados.<br \/>* Reembolso de honor\u00e1rios m\u00e9dicos: apresentar a descri\u00e7\u00e3o cir\u00fargica, informar se os valores se referem ao cirurgi\u00e3o principal, ao 1\u00ba auxiliar, ao 2\u00ba auxiliar ou ao anestesiologista e tamb\u00e9m o Hospital\/Cl\u00ednica onde foi realizado o procedimento;<br \/>* No caso de solicita\u00e7\u00e3o de reembolso de fisioterapia ambulatorial ser\u00e1 necess\u00e1ria a especifica\u00e7\u00e3o de quantidade de sess\u00f5es realizadas e suas respectivas datas, al\u00e9m disso, \u00e9 indispens\u00e1vel anexar \u00e0 nota fiscal\/recibo, a requisi\u00e7\u00e3o do tratamento emitida pelo m\u00e9dico solicitante. O pedido dever\u00e1 conter, obrigatoriamente, o nome, o n\u00famero do CRM, CPF e o carimbo e assinatura do m\u00e9dico solicitante.<\/p><p><strong>RECIBOS:<\/strong><br \/>* O recibo somente ser\u00e1 aceito quando a consulta for realizada por Pessoa F\u00edsica, emitida atrav\u00e9s do Receita Sa\u00fade.<br \/>* O valor total do recibo, num\u00e9rico e por extenso (caso haja cobran\u00e7a de mais de um procedimento dever\u00e1 haver especifica\u00e7\u00e3o valor de cada item separadamente);<br \/>* Data de emiss\u00e3o e do atendimento;<br \/>* Nome completo, CPF, n\u00famero do registro da classe profissional (CRM, CREFITO, CRP, etc.), endere\u00e7o completo, assinatura e carimbo do prestador do servi\u00e7o.<\/p><p><strong>NOTAS FISCAIS:<\/strong><br \/>* Os pagamentos dos servi\u00e7os dever\u00e3o ser comprovados atrav\u00e9s de conta hospitalar, devidamente acompanhada de c\u00f3pias do boletim de sala, prescri\u00e7\u00e3o m\u00e9dica, de enfermagem, de anestesia e demais comprovantes das despesas hospitalares, discrimina\u00e7\u00e3o anal\u00edtica das despesas, assim entendidas como di\u00e1rias, uso de salas, de equipamentos, materiais, medicamentos e seus respectivos valores (este documento pode ser obtido junto ao Hospital onde ocorreu o atendimento);<\/p><p><strong>OBSERVA\u00c7\u00d5ES:<\/strong><br \/>O prazo para envio da solicita\u00e7\u00e3o do reembolso ser\u00e1 do dia 01 a 30, para pagamento no dia 10 do m\u00eas subsequente. O dep\u00f3sito ocorrer\u00e1 na conta do titular do plano conforme cadastro.<\/p><p>Informamos que os pedidos de reembolso ser\u00e3o analisados conforme as regras do plano. O valor reembols\u00e1vel ser\u00e1 de at\u00e9 60% do valor de refer\u00eancia da Tabela do Plano AFISVEC-Sa\u00fade, observadas as condi\u00e7\u00f5es de cobertura e a documenta\u00e7\u00e3o exigida.<\/p><p>Refor\u00e7amos que o reembolso n\u00e3o se baseia no valor cobrado pelo prestador, mas sim no limite definido pela tabela de refer\u00eancia\u00a0do\u00a0plano.<\/p>\t\t\t\t\t\t\t\t<\/div>\n\t\t\t\t<\/div>\n\t\t\t\t\t<\/div>\n\t\t\t\t<\/div>\n\t\t\t\t<\/div>\n\t\t","protected":false},"excerpt":{"rendered":"<p>INFORMA\u00c7\u00d5ES GERAIS As solicita\u00e7\u00f5es de reembolso somente ser\u00e3o aceitas desde que sejam protocoladas e realizadas dento do ano civil, observando [&hellip;]<\/p>\n","protected":false},"author":1,"featured_media":0,"parent":0,"menu_order":0,"comment_status":"closed","ping_status":"closed","template":"","meta":{"_acf_changed":false,"site-sidebar-layout":"no-sidebar","site-content-layout":"","ast-site-content-layout":"full-width-container","site-content-style":"default","site-sidebar-style":"default","ast-global-header-display":"","ast-banner-title-visibility":"","ast-main-header-display":"","ast-hfb-above-header-display":"","ast-hfb-below-header-display":"","ast-hfb-mobile-header-display":"","site-post-title":"disabled","ast-breadcrumbs-content":"","ast-featured-img":"disabled","footer-sml-layout":"","ast-disable-related-posts":"","theme-transparent-header-meta":"","adv-header-id-meta":"","stick-header-meta":"","header-above-stick-meta":"","header-main-stick-meta":"","header-below-stick-meta":"","astra-migrate-meta-layouts":"default","ast-page-background-enabled":"default","ast-page-background-meta":{"desktop":{"background-color":"var(--ast-global-color-5)","background-image":"","background-repeat":"repeat","background-position":"center center","background-size":"auto","background-attachment":"scroll","background-type":"","background-media":"","overlay-type":"","overlay-color":"","overlay-opacity":"","overlay-gradient":""},"tablet":{"background-color":"","background-image":"","background-repeat":"repeat","background-position":"center center","background-size":"auto","background-attachment":"scroll","background-type":"","background-media":"","overlay-type":"","overlay-color":"","overlay-opacity":"","overlay-gradient":""},"mobile":{"background-color":"","background-image":"","background-repeat":"repeat","background-position":"center center","background-size":"auto","background-attachment":"scroll","background-type":"","background-media":"","overlay-type":"","overlay-color":"","overlay-opacity":"","overlay-gradient":""}},"ast-content-background-meta":{"desktop":{"background-color":"var(--ast-global-color-4)","background-image":"","background-repeat":"repeat","background-position":"center center","background-size":"auto","background-attachment":"scroll","background-type":"","background-media":"","overlay-type":"","overlay-color":"","overlay-opacity":"","overlay-gradient":""},"tablet":{"background-color":"var(--ast-global-color-4)","background-image":"","background-repeat":"repeat","background-position":"center center","background-size":"auto","background-attachment":"scroll","background-type":"","background-media":"","overlay-type":"","overlay-color":"","overlay-opacity":"","overlay-gradient":""},"mobile":{"background-color":"var(--ast-global-color-4)","background-image":"","background-repeat":"repeat","background-position":"center center","background-size":"auto","background-attachment":"scroll","background-type":"","background-media":"","overlay-type":"","overlay-color":"","overlay-opacity":"","overlay-gradient":""}},"footnotes":""},"class_list":["post-374","page","type-page","status-publish","hentry"],"acf":[],"_links":{"self":[{"href":"https:\/\/www.afisvecsaude.org.br\/areadobeneficiario\/wp-json\/wp\/v2\/pages\/374","targetHints":{"allow":["GET"]}}],"collection":[{"href":"https:\/\/www.afisvecsaude.org.br\/areadobeneficiario\/wp-json\/wp\/v2\/pages"}],"about":[{"href":"https:\/\/www.afisvecsaude.org.br\/areadobeneficiario\/wp-json\/wp\/v2\/types\/page"}],"author":[{"embeddable":true,"href":"https:\/\/www.afisvecsaude.org.br\/areadobeneficiario\/wp-json\/wp\/v2\/users\/1"}],"replies":[{"embeddable":true,"href":"https:\/\/www.afisvecsaude.org.br\/areadobeneficiario\/wp-json\/wp\/v2\/comments?post=374"}],"version-history":[{"count":11,"href":"https:\/\/www.afisvecsaude.org.br\/areadobeneficiario\/wp-json\/wp\/v2\/pages\/374\/revisions"}],"predecessor-version":[{"id":401,"href":"https:\/\/www.afisvecsaude.org.br\/areadobeneficiario\/wp-json\/wp\/v2\/pages\/374\/revisions\/401"}],"wp:attachment":[{"href":"https:\/\/www.afisvecsaude.org.br\/areadobeneficiario\/wp-json\/wp\/v2\/media?parent=374"}],"curies":[{"name":"wp","href":"https:\/\/api.w.org\/{rel}","templated":true}]}}