

{"id":305,"date":"2025-06-26T08:29:22","date_gmt":"2025-06-26T11:29:22","guid":{"rendered":"https:\/\/www.afisvecsaude.org.br\/areadobeneficiario\/?page_id=305"},"modified":"2025-08-14T05:11:02","modified_gmt":"2025-08-14T08:11:02","slug":"rede-credenciada","status":"publish","type":"page","link":"https:\/\/www.afisvecsaude.org.br\/areadobeneficiario\/rede-credenciada\/","title":{"rendered":"Rede Credenciada"},"content":{"rendered":"\t\t<div data-elementor-type=\"wp-page\" data-elementor-id=\"305\" class=\"elementor elementor-305\">\n\t\t\t\t<div class=\"elementor-element elementor-element-9a70065 e-flex e-con-boxed e-con e-parent\" data-id=\"9a70065\" data-element_type=\"container\" data-e-type=\"container\">\n\t\t\t\t\t<div class=\"e-con-inner\">\n\t\t\t\t<div class=\"elementor-element elementor-element-e6d7b17 elementor-widget elementor-widget-html\" data-id=\"e6d7b17\" data-element_type=\"widget\" data-e-type=\"widget\" data-widget_type=\"html.default\">\n\t\t\t\t<div class=\"elementor-widget-container\">\n\t\t\t\t\t<script>\r\njQuery(document).ready(function($) {\r\n    \/\/ Encontra o bot\u00e3o pela classe que voc\u00ea definiu\r\n    var refreshButton = $('.botao-recarregar');\r\n\r\n    \/\/ Adiciona um evento de clique ao bot\u00e3o\r\n    refreshButton.on('click', function() {\r\n        \/\/ Recarrega a p\u00e1gina\r\n        location.reload();\r\n    });\r\n});\r\n<\/script>\r\n\t\t\t\t<\/div>\n\t\t\t\t<\/div>\n\t\t\t\t\t<\/div>\n\t\t\t\t<\/div>\n\t\t<div class=\"elementor-element elementor-element-ec10a83 e-flex e-con-boxed e-con e-parent\" data-id=\"ec10a83\" data-element_type=\"container\" data-e-type=\"container\" data-settings=\"{&quot;background_background&quot;:&quot;classic&quot;}\">\n\t\t\t\t\t<div class=\"e-con-inner\">\n\t\t\t\t<div class=\"elementor-element elementor-element-da94379 elementor-widget elementor-widget-text-editor\" data-id=\"da94379\" data-element_type=\"widget\" data-e-type=\"widget\" data-widget_type=\"text-editor.default\">\n\t\t\t\t<div class=\"elementor-widget-container\">\n\t\t\t\t\t\t\t\t\t<p><strong>Tipo de Contrato:<\/strong> COLETIVO POR ADES\u00c3O<br \/><strong>Padr\u00e3o de Acomoda\u00e7\u00e3o:<\/strong> PRIVATIVO COM ACOMPANHANTE<br \/><strong>Segmento Assistencial:<\/strong> AMBULATORIAL + HOSPITAL COM OBSTETR\u00cdCIA<\/p>\t\t\t\t\t\t\t\t<\/div>\n\t\t\t\t<\/div>\n\t\t\t\t\t<\/div>\n\t\t\t\t<\/div>\n\t\t<div class=\"elementor-element elementor-element-9c4f99f e-flex e-con-boxed e-con e-parent\" data-id=\"9c4f99f\" data-element_type=\"container\" data-e-type=\"container\" data-settings=\"{&quot;background_background&quot;:&quot;classic&quot;}\">\n\t\t\t\t\t<div class=\"e-con-inner\">\n\t\t\t\t<div class=\"elementor-element elementor-element-5111b64 elementor-widget elementor-widget-shortcode\" data-id=\"5111b64\" data-element_type=\"widget\" data-e-type=\"widget\" data-widget_type=\"shortcode.default\">\n\t\t\t\t<div class=\"elementor-widget-container\">\n\t\t\t\t\t\t\t<div class=\"elementor-shortcode\">        <div id=\"consulta-rede-container\" class=\"crc-container\">\n                        <div class=\"crc-header\">\n                \n                <h1 class=\"crc-title\">Consulta da Rede Credenciada<\/h1>\n            <\/div>\n                        \n                        <div class=\"crc-form-container\">\n                <form id=\"consulta-form\">\n                    <div class=\"crc-form-row\">\n                        <div class=\"crc-form-group\">\n                            <label for=\"crc-especialidade\">Especialidade:<\/label>\n                            <select id=\"crc-especialidade\" name=\"especialidade\" class=\"crc-select\">\n                                <option value=\"\">Carregando especialidades...<\/option>\n                            <\/select>\n                        <\/div>\n                        \n                        <div class=\"crc-form-group\">\n                            <label for=\"crc-localidade\">Localidade:<\/label>\n                            <select id=\"crc-localidade\" name=\"localidade\" class=\"crc-select\">\n                                <option value=\"\">Carregando localidades...<\/option>\n                            <\/select>\n                        <\/div>\n                        \n                        <div class=\"crc-form-group\">\n                            <label for=\"crc-tipo\">Tipo de Credenciado:<\/label>\n                            <select id=\"crc-tipo\" name=\"tipo_credenciado\" class=\"crc-select\">\n                                <option value=\"\">Carregando tipos...<\/option>\n                            <\/select>\n                        <\/div>\n                    <\/div>\n                    \n                    <div class=\"crc-form-actions\">\n                        <button type=\"button\" id=\"crc-consultar\" class=\"crc-btn crc-btn-primary\">\n                            <i class=\"fa fa-search\"><\/i> CONSULTAR\n                        <\/button>\n                        <button type=\"button\" id=\"crc-limpar\" class=\"crc-btn crc-btn-secondary\">\n                            <i class=\"fa fa-eraser\"><\/i> LIMPAR\n                        <\/button>\n                    <\/div>\n                <\/form>\n            <\/div>\n                        \n            <div id=\"crc-loading\" class=\"crc-loading\" style=\"display: none;\">\n                <div class=\"crc-spinner\"><\/div>\n                <p>Carregando resultados...<\/p>\n            <\/div>\n            \n            <div id=\"crc-results\" class=\"crc-results\" style=\"display: none;\">\n                <div class=\"crc-results-header\">\n                    <h3 id=\"crc-results-title\">Resultados<\/h3>\n                    <div class=\"crc-results-actions\">\n                        <button id=\"crc-gerar-pdf\" class=\"crc-btn crc-btn-small\">\n                            <i class=\"fa fa-file-pdf-o\"><\/i> Gerar PDF\n                        <\/button>\n                    <\/div>\n                <\/div>\n                <div id=\"crc-results-content\" class=\"crc-results-content\">\n                    <!-- Resultados aparecer\u00e3o aqui -->\n                <\/div>\n            <\/div>\n            \n            <div id=\"consulta-error\" class=\"crc-error\" style=\"display: none;\"><\/div>\n        <\/div>\n        <\/div>\n\t\t\t\t\t\t<\/div>\n\t\t\t\t<\/div>\n\t\t\t\t<div class=\"elementor-element elementor-element-5b723e7 elementor-align-center botao-recarregar elementor-widget elementor-widget-button\" data-id=\"5b723e7\" data-element_type=\"widget\" data-e-type=\"widget\" data-widget_type=\"button.default\">\n\t\t\t\t<div class=\"elementor-widget-container\">\n\t\t\t\t\t\t\t\t\t<div class=\"elementor-button-wrapper\">\n\t\t\t\t\t<a class=\"elementor-button elementor-button-link elementor-size-sm\" href=\"#\">\n\t\t\t\t\t\t<span class=\"elementor-button-content-wrapper\">\n\t\t\t\t\t\t\t\t\t<span class=\"elementor-button-text\">Recarregar p\u00e1gina (em caso de erro)<\/span>\n\t\t\t\t\t<\/span>\n\t\t\t\t\t<\/a>\n\t\t\t\t<\/div>\n\t\t\t\t\t\t\t\t<\/div>\n\t\t\t\t<\/div>\n\t\t\t\t\t<\/div>\n\t\t\t\t<\/div>\n\t\t<div class=\"elementor-element elementor-element-d4ede20 e-flex e-con-boxed e-con e-parent\" data-id=\"d4ede20\" data-element_type=\"container\" data-e-type=\"container\" data-settings=\"{&quot;background_background&quot;:&quot;classic&quot;}\">\n\t\t\t\t\t<div class=\"e-con-inner\">\n\t\t\t\t<div class=\"elementor-element elementor-element-1237f12 elementor-align-start elementor-icon-list--layout-traditional elementor-list-item-link-full_width elementor-widget elementor-widget-icon-list\" data-id=\"1237f12\" data-element_type=\"widget\" data-e-type=\"widget\" data-widget_type=\"icon-list.default\">\n\t\t\t\t<div class=\"elementor-widget-container\">\n\t\t\t\t\t\t\t<ul class=\"elementor-icon-list-items\">\n\t\t\t\t\t\t\t<li class=\"elementor-icon-list-item\">\n\t\t\t\t\t\t\t\t\t\t\t<span class=\"elementor-icon-list-icon\">\n\t\t\t\t\t\t\t<svg xmlns=\"http:\/\/www.w3.org\/2000\/svg\" id=\"Camada_1\" viewBox=\"0 0 70.87 28.35\"><defs><style>      .st0 {        fill: #fff;      }    <\/style><\/defs><g><polygon class=\"st0\" points=\"19.46 1.23 25.61 22.99 19.59 22.99 18.27 17.91 12.9 17.91 11.73 22.99 5.96 22.99 11.96 1.23 11.24 1.23 3.15 9.84 3.15 27.32 29.24 27.32 29.24 1.23 19.46 1.23\"><\/polygon><path class=\"st0\" d=\"M15.46,5.29c-.31,1.3-.62,3.12-.92,4.36l-.89,3.9h3.85l-.96-3.94c-.31-1.24-.71-3.03-1.02-4.33h-.06Z\"><\/path><\/g><g><path class=\"st0\" d=\"M44.93,16.26h-.03c-.13.53-.27,1.28-.4,1.79l-.39,1.6h1.67l-.41-1.62c-.13-.51-.31-1.24-.44-1.78Z\"><\/path><path class=\"st0\" d=\"M37.16,16.28c-.36,0-.6.03-.72.05v2.3c.13.01.29.03.55.03.95,0,1.54-.48,1.54-1.26,0-.67-.45-1.12-1.36-1.12Z\"><\/path><path class=\"st0\" d=\"M62.89,9.8h-27.52l-6.1,5.25v12.27h38.84v-11.78l-5.22-5.74ZM37.03,20.5c-.23,0-.44-.01-.59-.03v3.06h-2.39v-8.89c.66-.11,1.6-.19,2.98-.19,1.3,0,2.22.23,2.85.71.61.45,1.03,1.26,1.03,2.18s-.31,1.71-.87,2.22c-.73.65-1.79.94-3.01.94ZM46.69,23.53l-.57-2.08h-2.33l-.51,2.08h-2.5l2.62-9.01h3.21l2.69,9.01h-2.61ZM56.33,23.53h-5.88v-9.01h2.42v6.99h3.46v2.02ZM61.8,21.68c.59,0,1.24-.12,1.62-.27l.33,1.9c-.35.16-1.19.36-2.27.36-3.37,0-4.85-2.1-4.85-4.49,0-3.18,2.33-4.8,5.01-4.8,1.04,0,1.88.2,2.26.4l-.47,1.9c-.4-.16-.95-.32-1.67-.32-1.39,0-2.59.82-2.59,2.66,0,1.64.98,2.66,2.63,2.66Z\"><\/path><\/g><\/svg>\t\t\t\t\t\t<\/span>\n\t\t\t\t\t\t\t\t\t\t<span class=\"elementor-icon-list-text\">Padr\u00e3o nacional de qualidade<\/span>\n\t\t\t\t\t\t\t\t\t<\/li>\n\t\t\t\t\t\t\t\t<li class=\"elementor-icon-list-item\">\n\t\t\t\t\t\t\t\t\t\t\t<span class=\"elementor-icon-list-icon\">\n\t\t\t\t\t\t\t<svg xmlns=\"http:\/\/www.w3.org\/2000\/svg\" id=\"Camada_1\" viewBox=\"0 0 70.87 28.35\"><defs><style>      .st0 {        fill: #fff;      }    <\/style><\/defs><g><path class=\"st0\" d=\"M15.26,6.39c-.31,1.29-.62,3.11-.92,4.34l-.89,3.88h3.85l-.96-3.92c-.31-1.23-.71-3.01-1.02-4.3h-.06Z\"><\/path><polygon class=\"st0\" points=\"19.23 2.26 25.41 23.99 19.4 23.99 18.07 18.94 12.7 18.94 11.53 23.99 5.77 23.99 11.79 2.26 11.04 2.26 2.95 10.87 2.95 28.35 29.04 28.35 29.04 2.26 19.23 2.26\"><\/polygon><\/g><g><path class=\"st0\" d=\"M37,17.33c-.39,0-.61.03-.74.05v5.37c.12.03.35.03.51.03,1.56.03,2.71-.84,2.71-2.87,0-1.75-1.04-2.58-2.49-2.58Z\"><\/path><path class=\"st0\" d=\"M59.09,17.32c-1.15,0-1.88,1.15-1.88,2.74s.72,2.74,1.88,2.74,1.86-1.12,1.86-2.75-.69-2.73-1.86-2.73Z\"><\/path><path class=\"st0\" d=\"M62.69,10.82h-27.52l-6.1,5.25v12.27h38.84v-11.78l-5.22-5.74ZM40.48,23.54c-.99.77-2.46,1.11-4.22,1.11-1.16,0-1.94-.07-2.41-.15v-8.83c.78-.12,1.8-.19,2.87-.19,1.72,0,2.81.28,3.7.9.99.68,1.63,1.8,1.63,3.46,0,1.83-.69,3.02-1.58,3.7ZM45.76,24.56h-2.42v-9.01h2.42v9.01ZM52.22,22.7c.59,0,1.24-.12,1.62-.27l.33,1.9c-.35.16-1.19.36-2.27.36-3.37,0-4.85-2.1-4.85-4.49,0-3.18,2.33-4.8,5.01-4.8,1.04,0,1.88.2,2.26.4l-.47,1.9c-.4-.16-.95-.32-1.67-.32-1.39,0-2.59.82-2.59,2.66,0,1.64.98,2.66,2.63,2.66ZM62.85,26.2c-1.31-.39-2.33-.8-3.61-1.35-.2-.09-.44-.13-.65-.15-1.99-.15-3.93-1.62-3.93-4.58,0-2.62,1.68-4.72,4.5-4.72s4.34,2.17,4.34,4.54c0,1.92-.88,3.35-1.94,3.88v.07c.6.19,1.28.33,1.96.48l-.68,1.83Z\"><\/path><\/g><\/svg>\t\t\t\t\t\t<\/span>\n\t\t\t\t\t\t\t\t\t\t<span class=\"elementor-icon-list-text\">Padr\u00e3o nacional de qualidade<\/span>\n\t\t\t\t\t\t\t\t\t<\/li>\n\t\t\t\t\t\t\t\t<li class=\"elementor-icon-list-item\">\n\t\t\t\t\t\t\t\t\t\t\t<span class=\"elementor-icon-list-icon\">\n\t\t\t\t\t\t\t<svg xmlns=\"http:\/\/www.w3.org\/2000\/svg\" id=\"Camada_1\" viewBox=\"0 0 54.99 28.35\"><defs><style>      .st0 {        fill: #fff;      }    <\/style><\/defs><g><polygon class=\"st0\" points=\"17.48 1.13 23.57 22.57 17.56 22.57 16.23 17.52 10.86 17.52 9.69 22.57 3.93 22.57 9.87 1.13 9.49 1.13 1.41 9.74 1.41 27.22 27.49 27.22 27.49 1.13 17.48 1.13\"><\/polygon><path class=\"st0\" d=\"M13.42,4.96c-.31,1.29-.62,3.11-.92,4.34l-.89,3.88h3.85l-.96-3.92c-.31-1.23-.71-3.01-1.02-4.3h-.06Z\"><\/path><\/g><g><path class=\"st0\" d=\"M31.81,15.7c-1.07,0-1.76,1.1-1.76,2.75s.69,2.73,1.77,2.73,1.72-1.14,1.72-2.75-.65-2.73-1.73-2.73Z\"><\/path><path class=\"st0\" d=\"M49.2,15.67h-.02c-.12.53-.25,1.28-.37,1.79l-.36,1.6h1.56l-.39-1.62c-.12-.51-.29-1.24-.41-1.78Z\"><\/path><path class=\"st0\" d=\"M49.98,9.69h-19.02l-4.21,5.25v12.27h26.84v-11.78l-3.61-5.74ZM31.71,23.09c-2.61,0-4.04-2.1-4.04-4.6s1.61-4.71,4.18-4.71c2.71,0,4.08,2.15,4.08,4.56,0,2.9-1.62,4.75-4.22,4.75ZM44.37,22.94h-2.37l-1.42-2.99c-.47-.96-1.02-2.17-1.42-3.26h-.04c.05,1.22.08,2.58.08,4.04v2.22h-2.06v-9.01h2.66l1.34,2.77c.46.9.95,2.1,1.32,3.15h.04c-.12-1.19-.17-2.45-.17-3.8v-2.13h2.06v9.01ZM50.85,22.94l-.54-2.08h-2.17l-.47,2.08h-2.33l2.45-9.01h3l2.51,9.01h-2.43Z\"><\/path><\/g><\/svg>\t\t\t\t\t\t<\/span>\n\t\t\t\t\t\t\t\t\t\t<span class=\"elementor-icon-list-text\">Padr\u00e3o nacional de qualidade<\/span>\n\t\t\t\t\t\t\t\t\t<\/li>\n\t\t\t\t\t\t\t\t<li class=\"elementor-icon-list-item\">\n\t\t\t\t\t\t\t\t\t\t\t<span class=\"elementor-icon-list-icon\">\n\t\t\t\t\t\t\t<svg xmlns=\"http:\/\/www.w3.org\/2000\/svg\" id=\"Camada_1\" viewBox=\"0 0 54.99 28.35\"><defs><style>      .st0 {        fill: #fff;      }    <\/style><\/defs><g><path class=\"st0\" d=\"M13.52,5.26c-.31,1.29-.62,3.11-.92,4.34l-.89,3.88h3.85l-.96-3.92c-.31-1.23-.71-3.01-1.02-4.3h-.06Z\"><\/path><polygon class=\"st0\" points=\"17.49 1.13 23.67 22.86 17.65 22.86 16.33 17.81 10.96 17.81 9.79 22.86 4.02 22.86 10.05 1.13 9.49 1.13 1.41 9.74 1.41 27.22 27.49 27.22 27.49 1.13 17.49 1.13\"><\/polygon><\/g><g><path class=\"st0\" d=\"M41.01,16.75c0-.53-.37-.87-1.14-.87-.37,0-.59.03-.74.05v1.75h.45c.96,0,1.42-.36,1.42-.94Z\"><\/path><path class=\"st0\" d=\"M39.67,19.4h-.54v2.14c.16.03.36.03.65.03.75,0,1.39-.32,1.39-1.11s-.65-1.06-1.5-1.06Z\"><\/path><path class=\"st0\" d=\"M49.98,9.69h-19.02l-4.21,5.25v12.27h26.84v-11.78l-3.61-5.74ZM33.87,21.38c.55,0,1.16-.12,1.51-.27l.31,1.9c-.32.16-1.11.36-2.12.36-3.15,0-4.53-2.1-4.53-4.49,0-3.18,2.17-4.8,4.68-4.8.97,0,1.76.2,2.11.4l-.44,1.9c-.37-.16-.89-.32-1.56-.32-1.3,0-2.42.82-2.42,2.66,0,1.64.91,2.66,2.46,2.66ZM42.61,22.53c-.64.51-1.69.8-3.48.8-1.02,0-1.76-.07-2.22-.15v-8.83c.51-.09,1.62-.19,2.66-.19,1.2,0,1.91.08,2.57.44.65.32,1.14.98,1.14,1.84,0,.76-.39,1.5-1.37,1.9v.03c1.04.31,1.65,1.12,1.65,2.19,0,.84-.37,1.51-.94,1.97ZM49.63,23.23l-.54-2.08h-2.17l-.47,2.08h-2.33l2.45-9.01h3l2.51,9.01h-2.43Z\"><\/path><path class=\"st0\" d=\"M47.99,15.96h-.02c-.12.53-.25,1.28-.37,1.79l-.36,1.6h1.56l-.39-1.62c-.12-.51-.29-1.24-.41-1.78Z\"><\/path><\/g><\/svg>\t\t\t\t\t\t<\/span>\n\t\t\t\t\t\t\t\t\t\t<span class=\"elementor-icon-list-text\">Padr\u00e3o internacional de qualidade<\/span>\n\t\t\t\t\t\t\t\t\t<\/li>\n\t\t\t\t\t\t\t\t<li class=\"elementor-icon-list-item\">\n\t\t\t\t\t\t\t\t\t\t\t<span class=\"elementor-icon-list-icon\">\n\t\t\t\t\t\t\t<svg xmlns=\"http:\/\/www.w3.org\/2000\/svg\" id=\"Camada_1\" viewBox=\"0 0 54.99 28.35\"><defs><style>      .st0 {        fill: #fff;      }    <\/style><\/defs><g><polygon class=\"st0\" points=\"17.39 1.15 23.57 22.88 17.56 22.88 16.23 17.83 10.86 17.83 9.69 22.88 3.93 22.88 9.95 1.15 9.49 1.15 1.41 9.76 1.41 27.23 27.49 27.23 27.49 1.15 17.39 1.15\"><\/polygon><path class=\"st0\" d=\"M13.42,5.27c-.31,1.29-.62,3.11-.92,4.34l-.89,3.88h3.85l-.96-3.92c-.31-1.23-.71-3.01-1.02-4.3h-.06Z\"><\/path><\/g><g><path class=\"st0\" d=\"M37.87,16.4c-1.07,0-1.76,1.15-1.76,2.74s.67,2.74,1.76,2.74,1.73-1.12,1.73-2.75-.65-2.73-1.73-2.73Z\"><\/path><path class=\"st0\" d=\"M49.98,9.71h-19.02l-4.21,5.25v12.27h26.84v-11.78l-3.61-5.74ZM32.53,23.64h-2.26v-9.01h2.26v9.01ZM41.38,25.29c-1.22-.39-2.17-.8-3.37-1.35-.19-.09-.41-.13-.61-.15-1.86-.15-3.67-1.62-3.67-4.58,0-2.62,1.57-4.72,4.21-4.72s4.06,2.17,4.06,4.54c0,1.92-.82,3.35-1.81,3.88v.07c.56.19,1.2.33,1.83.48l-.64,1.83ZM50.48,23.22c-.62.23-1.8.52-2.9.52-1.66,0-2.78-.44-3.54-1.22-.79-.8-1.2-1.96-1.2-3.26.01-3.13,2.18-4.72,4.92-4.72,1.14,0,2,.21,2.43.44l-.45,1.92c-.47-.21-1.04-.37-2-.37-1.39,0-2.53.78-2.53,2.61,0,1.68,1.01,2.66,2.4,2.66.3,0,.6-.04.7-.08v-1.55h-1.12v-1.87h3.29v4.92Z\"><\/path><\/g><\/svg>\t\t\t\t\t\t<\/span>\n\t\t\t\t\t\t\t\t\t\t<span class=\"elementor-icon-list-text\">Padr\u00e3o internacional de qualidade<\/span>\n\t\t\t\t\t\t\t\t\t<\/li>\n\t\t\t\t\t\t<\/ul>\n\t\t\t\t\t\t<\/div>\n\t\t\t\t<\/div>\n\t\t\t\t<div class=\"elementor-element elementor-element-0b51021 elementor-icon-list--layout-traditional elementor-list-item-link-full_width elementor-widget elementor-widget-icon-list\" data-id=\"0b51021\" data-element_type=\"widget\" data-e-type=\"widget\" data-widget_type=\"icon-list.default\">\n\t\t\t\t<div class=\"elementor-widget-container\">\n\t\t\t\t\t\t\t<ul class=\"elementor-icon-list-items\">\n\t\t\t\t\t\t\t<li class=\"elementor-icon-list-item\">\n\t\t\t\t\t\t\t\t\t\t\t<span class=\"elementor-icon-list-icon\">\n\t\t\t\t\t\t\t<svg xmlns=\"http:\/\/www.w3.org\/2000\/svg\" id=\"Camada_1\" viewBox=\"0 0 29.21 28.35\"><defs><style>      .st0 {        fill: #fff;      }    <\/style><\/defs><path class=\"st0\" d=\"M15.06,1.13l3.1,6.3c1.14,2.17,2.34,5.08,3.27,7.64h.09c-.31-2.88-.43-5.92-.43-9.19V1.13h-6.03Z\"><\/path><path class=\"st0\" d=\"M26.19,1.13v21.42h-5.86l-3.52-7.25c-1.17-2.33-2.53-5.24-3.52-7.9h-.09c.12,2.95.18,6.25.18,9.77v5.37h-5.09V2.57L1.56,9.74v17.48h26.09V1.13h-1.46Z\"><\/path><\/svg>\t\t\t\t\t\t<\/span>\n\t\t\t\t\t\t\t\t\t\t<span class=\"elementor-icon-list-text\">Comunica\u00e7\u00e3o de eventos adversos<\/span>\n\t\t\t\t\t\t\t\t\t<\/li>\n\t\t\t\t\t\t\t\t<li class=\"elementor-icon-list-item\">\n\t\t\t\t\t\t\t\t\t\t\t<span class=\"elementor-icon-list-icon\">\n\t\t\t\t\t\t\t<svg xmlns=\"http:\/\/www.w3.org\/2000\/svg\" id=\"Camada_1\" viewBox=\"0 0 29.21 28.35\"><defs><style>      .st0 {        fill: #fff;      }    <\/style><\/defs><path class=\"st0\" d=\"M13.52,11.15c2.19,0,3.55-1.17,3.55-3.04,0-1.62-1.05-2.72-3.15-2.72-.83,0-1.39.06-1.67.13v5.57c.31.03.68.06,1.26.06Z\"><\/path><path class=\"st0\" d=\"M15.98,1.13c1.79.23,3.17.74,4.2,1.57,1.42,1.1,2.37,3.04,2.37,5.28s-.71,4.14-2,5.37c-1.7,1.59-4.13,2.27-6.94,2.27-.52,0-1.02-.03-1.36-.06v7.41h-5.52V4.23L1.56,9.74v17.48h26.09V1.13h-11.67Z\"><\/path><\/svg>\t\t\t\t\t\t<\/span>\n\t\t\t\t\t\t\t\t\t\t<span class=\"elementor-icon-list-text\">Profissional com especializa\u00e7\u00e3o<\/span>\n\t\t\t\t\t\t\t\t\t<\/li>\n\t\t\t\t\t\t\t\t<li class=\"elementor-icon-list-item\">\n\t\t\t\t\t\t\t\t\t\t\t<span class=\"elementor-icon-list-icon\">\n\t\t\t\t\t\t\t<svg xmlns=\"http:\/\/www.w3.org\/2000\/svg\" id=\"Camada_1\" viewBox=\"0 0 29.21 28.35\"><defs><style>      .st0 {        fill: #fff;      }    <\/style><\/defs><path class=\"st0\" d=\"M11.28,5.03v5.18h1.45c2.1,0,3.3-1.1,3.3-2.72s-1.02-2.56-2.87-2.59c-1.05,0-1.6.06-1.88.13Z\"><\/path><path class=\"st0\" d=\"M17.16,1.13c.91.27,1.7.64,2.35,1.15,1.33,1.07,2.07,2.62,2.07,4.76,0,2.72-1.94,4.66-3.58,5.28v.13c1.39.61,2.13,2.01,2.65,3.88.65,2.23,1.33,5.4,1.73,6.25h-5.71c-.31-.65-.83-2.33-1.45-5.02-.56-2.62-1.33-3.17-3.05-3.17h-.89v8.19h-5.52V5.27L1.56,9.74v17.48h26.09V1.13h-10.49Z\"><\/path><\/svg>\t\t\t\t\t\t<\/span>\n\t\t\t\t\t\t\t\t\t\t<span class=\"elementor-icon-list-text\">Profissional com resid\u00eancia<\/span>\n\t\t\t\t\t\t\t\t\t<\/li>\n\t\t\t\t\t\t\t\t<li class=\"elementor-icon-list-item\">\n\t\t\t\t\t\t\t\t\t\t\t<span class=\"elementor-icon-list-icon\">\n\t\t\t\t\t\t\t<svg xmlns=\"http:\/\/www.w3.org\/2000\/svg\" id=\"Camada_1\" viewBox=\"0 0 29.21 28.35\"><defs><style>      .st0 {        fill: #fff;      }    <\/style><\/defs><polygon class=\"st0\" points=\"9.65 1.13 9.27 1.54 21.42 1.54 21.42 6.3 13.49 6.3 13.49 9.82 20.95 9.82 20.95 14.55 13.49 14.55 13.49 18.56 21.85 18.56 21.85 23.35 7.91 23.35 7.91 2.98 1.56 9.74 1.56 27.22 27.65 27.22 27.65 1.13 9.65 1.13\"><\/polygon><\/svg>\t\t\t\t\t\t<\/span>\n\t\t\t\t\t\t\t\t\t\t<span class=\"elementor-icon-list-text\">T\u00edtulo de Especialista<\/span>\n\t\t\t\t\t\t\t\t\t<\/li>\n\t\t\t\t\t\t\t\t<li class=\"elementor-icon-list-item\">\n\t\t\t\t\t\t\t\t\t\t\t<span class=\"elementor-icon-list-icon\">\n\t\t\t\t\t\t\t<svg xmlns=\"http:\/\/www.w3.org\/2000\/svg\" id=\"Camada_1\" viewBox=\"0 0 29.21 28.35\"><defs><style>      .st0 {        fill: #fff;      }    <\/style><\/defs><path class=\"st0\" d=\"M10.98,11.08c0,3.92,1.67,6.63,4.35,6.63s4.29-2.72,4.29-6.67-1.6-6.6-4.29-6.6-4.35,2.78-4.35,6.63Z\"><\/path><path class=\"st0\" d=\"M20.6,1.13c3.25,1.91,4.9,5.67,4.9,9.69,0,4.66-2.04,8.12-4.47,9.39v.16c1.39.45,2.96.81,4.53,1.17l-1.57,4.43c-3.02-.94-5.37-1.94-8.33-3.27-.46-.23-1.02-.32-1.51-.36-4.59-.36-9.07-3.92-9.07-11.1,0-4.41,1.88-8.2,5.21-10.11h-.64L1.56,9.74v17.48h26.09V1.13h-7.04Z\"><\/path><\/svg>\t\t\t\t\t\t<\/span>\n\t\t\t\t\t\t\t\t\t\t<span class=\"elementor-icon-list-text\">Qualidade monitorada<\/span>\n\t\t\t\t\t\t\t\t\t<\/li>\n\t\t\t\t\t\t<\/ul>\n\t\t\t\t\t\t<\/div>\n\t\t\t\t<\/div>\n\t\t\t\t\t<\/div>\n\t\t\t\t<\/div>\n\t\t\t\t<\/div>\n\t\t","protected":false},"excerpt":{"rendered":"<p>Tipo de Contrato: COLETIVO POR ADES\u00c3OPadr\u00e3o de Acomoda\u00e7\u00e3o: PRIVATIVO COM ACOMPANHANTESegmento Assistencial: AMBULATORIAL + HOSPITAL COM OBSTETR\u00cdCIA Recarregar p\u00e1gina (em [&hellip;]<\/p>\n","protected":false},"author":1,"featured_media":0,"parent":0,"menu_order":0,"comment_status":"closed","ping_status":"closed","template":"","meta":{"_acf_changed":false,"site-sidebar-layout":"no-sidebar","site-content-layout":"","ast-site-content-layout":"full-width-container","site-content-style":"default","site-sidebar-style":"default","ast-global-header-display":"","ast-banner-title-visibility":"","ast-main-header-display":"","ast-hfb-above-header-display":"","ast-hfb-below-header-display":"","ast-hfb-mobile-header-display":"","site-post-title":"disabled","ast-breadcrumbs-content":"","ast-featured-img":"disabled","footer-sml-layout":"","ast-disable-related-posts":"","theme-transparent-header-meta":"","adv-header-id-meta":"","stick-header-meta":"","header-above-stick-meta":"","header-main-stick-meta":"","header-below-stick-meta":"","astra-migrate-meta-layouts":"default","ast-page-background-enabled":"default","ast-page-background-meta":{"desktop":{"background-color":"var(--ast-global-color-5)","background-image":"","background-repeat":"repeat","background-position":"center center","background-size":"auto","background-attachment":"scroll","background-type":"","background-media":"","overlay-type":"","overlay-color":"","overlay-opacity":"","overlay-gradient":""},"tablet":{"background-color":"","background-image":"","background-repeat":"repeat","background-position":"center center","background-size":"auto","background-attachment":"scroll","background-type":"","background-media":"","overlay-type":"","overlay-color":"","overlay-opacity":"","overlay-gradient":""},"mobile":{"background-color":"","background-image":"","background-repeat":"repeat","background-position":"center center","background-size":"auto","background-attachment":"scroll","background-type":"","background-media":"","overlay-type":"","overlay-color":"","overlay-opacity":"","overlay-gradient":""}},"ast-content-background-meta":{"desktop":{"background-color":"var(--ast-global-color-4)","background-image":"","background-repeat":"repeat","background-position":"center center","background-size":"auto","background-attachment":"scroll","background-type":"","background-media":"","overlay-type":"","overlay-color":"","overlay-opacity":"","overlay-gradient":""},"tablet":{"background-color":"var(--ast-global-color-4)","background-image":"","background-repeat":"repeat","background-position":"center center","background-size":"auto","background-attachment":"scroll","background-type":"","background-media":"","overlay-type":"","overlay-color":"","overlay-opacity":"","overlay-gradient":""},"mobile":{"background-color":"var(--ast-global-color-4)","background-image":"","background-repeat":"repeat","background-position":"center center","background-size":"auto","background-attachment":"scroll","background-type":"","background-media":"","overlay-type":"","overlay-color":"","overlay-opacity":"","overlay-gradient":""}},"footnotes":""},"class_list":["post-305","page","type-page","status-publish","hentry"],"acf":[],"_links":{"self":[{"href":"https:\/\/www.afisvecsaude.org.br\/areadobeneficiario\/wp-json\/wp\/v2\/pages\/305","targetHints":{"allow":["GET"]}}],"collection":[{"href":"https:\/\/www.afisvecsaude.org.br\/areadobeneficiario\/wp-json\/wp\/v2\/pages"}],"about":[{"href":"https:\/\/www.afisvecsaude.org.br\/areadobeneficiario\/wp-json\/wp\/v2\/types\/page"}],"author":[{"embeddable":true,"href":"https:\/\/www.afisvecsaude.org.br\/areadobeneficiario\/wp-json\/wp\/v2\/users\/1"}],"replies":[{"embeddable":true,"href":"https:\/\/www.afisvecsaude.org.br\/areadobeneficiario\/wp-json\/wp\/v2\/comments?post=305"}],"version-history":[{"count":31,"href":"https:\/\/www.afisvecsaude.org.br\/areadobeneficiario\/wp-json\/wp\/v2\/pages\/305\/revisions"}],"predecessor-version":[{"id":391,"href":"https:\/\/www.afisvecsaude.org.br\/areadobeneficiario\/wp-json\/wp\/v2\/pages\/305\/revisions\/391"}],"wp:attachment":[{"href":"https:\/\/www.afisvecsaude.org.br\/areadobeneficiario\/wp-json\/wp\/v2\/media?parent=305"}],"curies":[{"name":"wp","href":"https:\/\/api.w.org\/{rel}","templated":true}]}}